{"id":1781,"date":"2021-12-29T17:20:21","date_gmt":"2021-12-29T17:20:21","guid":{"rendered":"https:\/\/www.fuerst-media.de\/?page_id=1781"},"modified":"2023-06-18T16:06:09","modified_gmt":"2023-06-18T16:06:09","slug":"impressum","status":"publish","type":"page","link":"https:\/\/www.fuerst-media.de\/en\/impressum\/","title":{"rendered":"Imprint"},"content":{"rendered":"<div class=\"vce-row-container\"><div class=\"vce-row vce-row--col-gap-30 vce-row-equal-height vce-row-content--top\" data-vce-full-width=\"true\" id=\"el-24fc47be\" data-vce-do-apply=\"all el-24fc47be\"><div class=\"vce-row-content\" data-vce-element-content=\"true\"><div class=\"vce-col vce-col--md-64p vce-col--xs-1 vce-col--xs-last vce-col--xs-first vce-col--sm-last vce-col--sm-first vce-col--md-first vce-col--lg-first vce-col--xl-first\" id=\"el-4f8ef1aa\"><div class=\"vce-col-inner\" data-vce-do-apply=\"border margin background  el-4f8ef1aa\"><div class=\"vce-col-content\" data-vce-element-content=\"true\" data-vce-do-apply=\"padding el-4f8ef1aa\"><div class=\"vce-text-block\"><div class=\"vce-text-block-wrapper vce\" id=\"el-4b63c9a1\" data-vce-do-apply=\"all el-4b63c9a1\"><div class=\"grid_12\"><div class=\"h-wrapper\"><h3>Statements as per \u00a7 5 TMG<\/h3><\/div><p>Petra F\u00fcrst<br>F\u00fcrst Media<br>Josef-Felder Str. 53<br>81241 M\u00fcnchen<br>Contakt:<br>Telephon:+49 (89) 7400030<br>E-Mail: <a href=\"mailto:Petra.Fuerst@Fuerst-Media.de\">Petra.Fuerst( at )Fuerst-Media.de<\/a><\/p><p>Turnover tax-ID:<br>Turnover tax identification number as per \u00a7 27 a<br>Turn over tax law: DE 177 581 482<\/p><p>Responsible for the content as per \u00a7 55 paragraph 2 interstate broadcasting treaty<br>F\u00fcrst Media<br>Josef-Felder Str. 53<br>81241 M\u00fcnchen<\/p><\/div><\/div><\/div><\/div><\/div><\/div><div class=\"vce-col vce-col--md-36p vce-col--xs-1 vce-col--xs-last vce-col--xs-first vce-col--sm-last vce-col--sm-first vce-col--md-last vce-col--lg-last vce-col--xl-last\" id=\"el-36d9b629\"><div class=\"vce-col-inner\" data-vce-do-apply=\"border margin background  el-36d9b629\"><div class=\"vce-content-background-container\"><\/div><div class=\"vce-col-content\" data-vce-element-content=\"true\" data-vce-do-apply=\"padding el-36d9b629\"><div class=\"vce-single-image-container vce-single-image--align-left\"><div class=\"vce vce-single-image-wrapper\" id=\"el-b3461d82\" data-vce-do-apply=\"all el-b3461d82\"><figure><div class=\"vce-single-image-figure-inner\" style=\"width: 682px;\"><div class=\"vce-single-image-inner vce-single-image--absolute\" style=\"width: 100%; padding-bottom: 150.147%;\"><img loading=\"lazy\" decoding=\"async\" class=\"vce-single-image\"  width=\"682\" height=\"1024\" srcset=\"https:\/\/www.fuerst-media.de\/wp-content\/uploads\/3_mit-Wasser_DSC4762-scaled-320x480.jpg 320w, https:\/\/www.fuerst-media.de\/wp-content\/uploads\/3_mit-Wasser_DSC4762-scaled-480x721.jpg 480w, https:\/\/www.fuerst-media.de\/wp-content\/uploads\/3_mit-Wasser_DSC4762-scaled-800x1201.jpg 800w, https:\/\/www.fuerst-media.de\/wp-content\/uploads\/3_mit-Wasser_DSC4762-scaled-682x1024.jpg 682w, https:\/\/www.fuerst-media.de\/wp-content\/uploads\/3_mit-Wasser_DSC4762-scaled-1364x2048.jpg 2x\" src=\"https:\/\/www.fuerst-media.de\/wp-content\/uploads\/3_mit-Wasser_DSC4762-scaled-682x1024.jpg\" data-img-src=\"https:\/\/www.fuerst-media.de\/wp-content\/uploads\/3_mit-Wasser_DSC4762-scaled.jpg\" data-attachment-id=\"1125\"  alt=\"\" title=\"3_mit Wasser_DSC4762\" \/><\/div><\/div><figcaption hidden=\"\"><\/figcaption><\/figure><\/div><\/div><\/div><\/div><\/div><\/div><\/div><\/div>\n","protected":false},"excerpt":{"rendered":"<p>Statements as per \u00a7 5 TMGPetra F\u00fcrstF\u00fcrst MediaJosef-Felder Str. 5381241 M\u00fcnchenContakt:Telephon:+49 (89) 7400030E-Mail: Petra.Fuerst( at )Fuerst-Media.deTurnover tax-ID:Turnover tax identification number as per \u00a7 27 aTurn over tax law: DE 177 581 482Responsible for the content as per \u00a7 55 paragraph 2 interstate broadcasting treatyF\u00fcrst MediaJosef-Felder Str. 5381241 M\u00fcnchen<\/p>\n","protected":false},"author":2,"featured_media":0,"parent":0,"menu_order":0,"comment_status":"closed","ping_status":"closed","template":"","meta":{"inline_featured_image":false,"footnotes":""},"class_list":["post-1781","page","type-page","status-publish","hentry"],"_links":{"self":[{"href":"https:\/\/www.fuerst-media.de\/en\/wp-json\/wp\/v2\/pages\/1781","targetHints":{"allow":["GET"]}}],"collection":[{"href":"https:\/\/www.fuerst-media.de\/en\/wp-json\/wp\/v2\/pages"}],"about":[{"href":"https:\/\/www.fuerst-media.de\/en\/wp-json\/wp\/v2\/types\/page"}],"author":[{"embeddable":true,"href":"https:\/\/www.fuerst-media.de\/en\/wp-json\/wp\/v2\/users\/2"}],"replies":[{"embeddable":true,"href":"https:\/\/www.fuerst-media.de\/en\/wp-json\/wp\/v2\/comments?post=1781"}],"version-history":[{"count":5,"href":"https:\/\/www.fuerst-media.de\/en\/wp-json\/wp\/v2\/pages\/1781\/revisions"}],"predecessor-version":[{"id":2105,"href":"https:\/\/www.fuerst-media.de\/en\/wp-json\/wp\/v2\/pages\/1781\/revisions\/2105"}],"wp:attachment":[{"href":"https:\/\/www.fuerst-media.de\/en\/wp-json\/wp\/v2\/media?parent=1781"}],"curies":[{"name":"wp","href":"https:\/\/api.w.org\/{rel}","templated":true}]}}