{"id":1826,"date":"2021-12-29T17:33:58","date_gmt":"2021-12-29T17:33:58","guid":{"rendered":"https:\/\/www.fuerst-media.de\/kontakt\/"},"modified":"2022-11-13T16:19:37","modified_gmt":"2022-11-13T16:19:37","slug":"kontakt","status":"publish","type":"page","link":"https:\/\/www.fuerst-media.de\/en\/kontakt\/","title":{"rendered":"Contact"},"content":{"rendered":"<div class=\"vce-row-container\" data-vce-boxed-width=\"true\"><div class=\"vce-row vce-row--col-gap-30 vce-row-equal-height vce-row-content--top\" id=\"el-ef2202c5\" data-vce-do-apply=\"all el-ef2202c5\"><div class=\"vce-row-content\" data-vce-element-content=\"true\"><div class=\"vce-col vce-col--md-39p vce-col--xs-1 vce-col--xs-last vce-col--xs-first vce-col--sm-last vce-col--sm-first vce-col--md-first vce-col--lg-first vce-col--xl-first\" id=\"el-7af2a888\"><div class=\"vce-col-inner\" data-vce-do-apply=\"border margin background  el-7af2a888\"><div class=\"vce-col-content\" data-vce-element-content=\"true\" data-vce-do-apply=\"padding el-7af2a888\"><div class=\"vce-text-block\"><div class=\"vce-text-block-wrapper vce\" id=\"el-c71d8e72\" data-vce-do-apply=\"all el-c71d8e72\"><h2>Production address<\/h2><p>Bavaria Film - Medienstandort Geiselgasteig<br>F\u00fcrst Media - Haus Nr. 49 - B\u00fcro 102<br>Bavariafilmplatz 7<br>82031 Geiselgasteig\/Gr\u00fcnwald<\/p><p><strong>Contact:<\/strong><br>Phone:+49 (89) 7400030<br>E-Mail: <a href=\"mailto:Petra.Fuerst@Fuerst-Media.de\">Petra.Fuerst(at)Fuerst-Media.de<\/a><\/p><\/div><\/div><\/div><\/div><\/div><div class=\"vce-col vce-col--md-61p vce-col--xs-1 vce-col--xs-last vce-col--xs-first vce-col--sm-last vce-col--sm-first vce-col--md-last vce-col--lg-last vce-col--xl-last\" id=\"el-921f639c\"><div class=\"vce-col-inner\" data-vce-do-apply=\"border margin background  el-921f639c\"><div class=\"vce-col-content\" data-vce-element-content=\"true\" data-vce-do-apply=\"padding el-921f639c\"><div class=\"vce-text-block\"><div class=\"vce-text-block-wrapper vce\" id=\"el-d0569aca\" data-vce-do-apply=\"all el-d0569aca\"><h2>Office address<\/h2><p>F\u00fcrst Media<br>Petra F\u00fcrst<br>Josef-Felder Str. 53<br>81241 M\u00fcnchen<\/p><p><strong>Contact:<\/strong><br>Phone:+49 (89) 7400030<br>E-Mail: <a href=\"mailto:Petra.Fuerst@Fuerst-Media.de\">Petra.Fuerst(at)Fuerst-Media.de<\/a><\/p><\/div><\/div><\/div><\/div><\/div><\/div><\/div><\/div><div class=\"vce-row-container\" data-vce-boxed-width=\"true\"><div class=\"vce-row vce-row--col-gap-30 vce-row-equal-height vce-row-content--top\" id=\"el-11fcee66\" data-vce-do-apply=\"all el-11fcee66\"><div class=\"vce-content-background-container\"><\/div><div class=\"vce-row-content\" data-vce-element-content=\"true\"><div class=\"vce-col vce-col--md-auto vce-col--xs-1 vce-col--xs-last vce-col--xs-first vce-col--sm-last vce-col--sm-first vce-col--md-last vce-col--lg-last vce-col--xl-last vce-col--md-first vce-col--lg-first vce-col--xl-first\" id=\"el-d8fb6781\"><div class=\"vce-col-inner\" data-vce-do-apply=\"border margin background  el-d8fb6781\"><div class=\"vce-col-content\" data-vce-element-content=\"true\" data-vce-do-apply=\"padding el-d8fb6781\"><div class=\"vce-text-block\"><div class=\"vce-text-block-wrapper vce\" id=\"el-11c4a5b3\" data-vce-do-apply=\"all el-11c4a5b3\"><h2>Contact form<\/h2><\/div><\/div><\/div><\/div><\/div><\/div><\/div><\/div><div class=\"vce-row-container\" data-vce-boxed-width=\"true\"><div class=\"vce-row vce-row--col-gap-30 vce-row-equal-height vce-row-content--top\" id=\"el-c68d25ac\" data-vce-do-apply=\"all el-c68d25ac\"><div class=\"vce-row-content\" data-vce-element-content=\"true\"><div class=\"vce-col vce-col--md-auto vce-col--xs-1 vce-col--xs-last vce-col--xs-first vce-col--sm-last vce-col--sm-first vce-col--md-last vce-col--lg-last vce-col--xl-last vce-col--md-first vce-col--lg-first vce-col--xl-first\" id=\"el-38024f3f\"><div class=\"vce-col-inner\" data-vce-do-apply=\"border margin background  el-38024f3f\"><div class=\"vce-col-content\" data-vce-element-content=\"true\" data-vce-do-apply=\"padding el-38024f3f\"><div class=\"vce vce-simple-contact-form-container vce-simple-contact-form--shape-rounded\" data-vce-do-apply=\"all el-c631b04d\" id=\"el-c631b04d\" data-vce-simple-contact-form-subject=\"Kontakt \u00fcber Website\" style=\"--labelColor: #555555; --outlineColor: #CECECE; --backgroundColor: #fff; --placeholderColor: #DADADA; --inputColor: #555555; --fieldGapsPx: 20px;\"><form><div class=\"vce-simple-contact-form-confirmation-message\"><div class=\"vce-message-box vce vce-message-box-border--rounded vce-message-box-style--success\" id=\"el-d847ca5b\" data-vce-do-apply=\"margin padding border background  el-d847ca5b\" style=\"--background: #39CCCC; --iconColor: #fff;\"><div class=\"vce-message-box-inner\"><span class=\"vce-message-box-icon vcv-ui-icon-material vcv-ui-icon-material-check\"><\/span><span class=\"vce-message-box-text\"><p style=\"color: #ffffff;\">Thank you for your message. We will contact you immediately.<\/p><\/span><\/div><\/div><\/div><div class=\"vce-simple-contact-form-error-message\"><div class=\"vce-message-box vce vce-message-box-border--rounded vce-message-box-style--error\" id=\"el-8dfd3076\" data-vce-do-apply=\"margin padding border background  el-8dfd3076\" style=\"--background: #39CCCC; --iconColor: #fff;\"><div class=\"vce-message-box-inner\"><span class=\"vce-message-box-icon vcv-ui-icon-material vcv-ui-icon-material-close\"><\/span><span class=\"vce-message-box-text\"><p style=\"color: #ffffff;\">Failed to send message!<\/p><\/span><\/div><\/div><\/div><label class=\"vce-simple-contact-form--input-label\" for=\"vce-simple-form--name-c631b04d\">First name, name<\/label><input type=\"hidden\" name=\"vcv-source-id\" value=\"1826\"><input type=\"text\" required=\"\" id=\"vce-simple-form--name-c631b04d\" class=\"vce-simple-contact-form-input\" placeholder=\"Your name\"><label class=\"vce-simple-contact-form--input-label\" for=\"vce-simple-form--email-c631b04d\">E-Mail<\/label><input type=\"email\" required=\"\" id=\"vce-simple-form--email-c631b04d\" class=\"vce-simple-contact-form-input\" placeholder=\"muster@muster.de\"><label class=\"vce-simple-contact-form--input-label\" for=\"vce-simple-form--message-c631b04d\">Message<\/label><textarea required=\"\" id=\"vce-simple-form--message-c631b04d\" class=\"vce-simple-contact-form-textarea vce-simple-contact-form-input\" cols=\"30\" rows=\"10\" placeholder=\"\"><\/textarea><div class=\"vce-button--style-basic-container vce-button--style-basic-container--align-left\"><span class=\"vce-button--style-basic-wrapper vce\" id=\"el-0b70a10d\" data-vce-do-apply=\"margin el-0b70a10d\"><button class=\"vce-button vce-button--style-basic vce-button--style-basic--border-square vce-button--style-basic--size-medium vce-button--style-basic--color-b-100-122-148--fff\" data-vce-do-apply=\"padding border background  el-0b70a10d\">Send<\/button><\/span><\/div><\/form><\/div><\/div><\/div><\/div><\/div><\/div><\/div>\n","protected":false},"excerpt":{"rendered":"<p>Production addressBavaria Film &#8211; Medienstandort GeiselgasteigF\u00fcrst Media &#8211; Haus Nr. 49 &#8211; B\u00fcro 102Bavariafilmplatz 782031 Geiselgasteig\/Gr\u00fcnwaldContact:Phone:+49 (89) 7400030E-Mail: Petra.Fuerst(at)Fuerst-Media.deOffice addressF\u00fcrst MediaPetra F\u00fcrstJosef-Felder Str. 5381241 M\u00fcnchenContact:Phone:+49 (89) 7400030E-Mail: Petra.Fuerst(at)Fuerst-Media.deContact formThank you for your message. We will contact you immediately.Failed to send message!First name, nameE-MailMessageSend<\/p>\n","protected":false},"author":2,"featured_media":0,"parent":0,"menu_order":0,"comment_status":"closed","ping_status":"closed","template":"","meta":{"inline_featured_image":false,"footnotes":""},"class_list":["post-1826","page","type-page","status-publish","hentry"],"_links":{"self":[{"href":"https:\/\/www.fuerst-media.de\/en\/wp-json\/wp\/v2\/pages\/1826","targetHints":{"allow":["GET"]}}],"collection":[{"href":"https:\/\/www.fuerst-media.de\/en\/wp-json\/wp\/v2\/pages"}],"about":[{"href":"https:\/\/www.fuerst-media.de\/en\/wp-json\/wp\/v2\/types\/page"}],"author":[{"embeddable":true,"href":"https:\/\/www.fuerst-media.de\/en\/wp-json\/wp\/v2\/users\/2"}],"replies":[{"embeddable":true,"href":"https:\/\/www.fuerst-media.de\/en\/wp-json\/wp\/v2\/comments?post=1826"}],"version-history":[{"count":3,"href":"https:\/\/www.fuerst-media.de\/en\/wp-json\/wp\/v2\/pages\/1826\/revisions"}],"predecessor-version":[{"id":1870,"href":"https:\/\/www.fuerst-media.de\/en\/wp-json\/wp\/v2\/pages\/1826\/revisions\/1870"}],"wp:attachment":[{"href":"https:\/\/www.fuerst-media.de\/en\/wp-json\/wp\/v2\/media?parent=1826"}],"curies":[{"name":"wp","href":"https:\/\/api.w.org\/{rel}","templated":true}]}}